{"id":9294,"date":"2025-11-20T20:45:30","date_gmt":"2025-11-20T19:45:30","guid":{"rendered":"https:\/\/progisap.fr\/?page_id=9294"},"modified":"2026-02-10T20:28:49","modified_gmt":"2026-02-10T19:28:49","slug":"contact-et-demande-demonstration","status":"publish","type":"page","link":"https:\/\/www.progiclean.com\/en\/contact-et-demande-demonstration\/","title":{"rendered":"Contact and demo request"},"content":{"rendered":"<div class=\"fusion-fullwidth fullwidth-box fusion-builder-row-1 fusion-flex-container has-pattern-background has-mask-background nonhundred-percent-fullwidth non-hundred-percent-height-scrolling\" style=\"--awb-border-radius-top-left:0px;--awb-border-radius-top-right:0px;--awb-border-radius-bottom-right:0px;--awb-border-radius-bottom-left:0px;--awb-padding-top:30px;--awb-padding-bottom:3%;--awb-padding-top-medium:12px;--awb-background-image:linear-gradient(180deg, var(--awb-color1) 15%,var(--awb-color2) 79%);--awb-flex-wrap:wrap;\" ><div class=\"fusion-builder-row fusion-row fusion-flex-align-items-flex-start fusion-flex-content-wrap\" style=\"max-width:1372.8px;margin-left: calc(-4% \/ 2 );margin-right: calc(-4% \/ 2 );\"><div class=\"fusion-layout-column fusion_builder_column fusion-builder-column-0 fusion_builder_column_1_1 1_1 fusion-flex-column fusion-animated\" style=\"--awb-padding-right:10%;--awb-padding-left:10%;--awb-bg-size:cover;--awb-width-large:100%;--awb-margin-top-large:20px;--awb-spacing-right-large:1.92%;--awb-margin-bottom-large:40px;--awb-spacing-left-large:1.92%;--awb-width-medium:100%;--awb-order-medium:0;--awb-margin-top-medium:16px;--awb-spacing-right-medium:1.92%;--awb-margin-bottom-medium:16px;--awb-spacing-left-medium:1.92%;--awb-width-small:100%;--awb-order-small:0;--awb-margin-top-small:10px;--awb-spacing-right-small:1.92%;--awb-margin-bottom-small:16px;--awb-spacing-left-small:1.92%;\" data-animationtype=\"fadeInDown\" data-animationduration=\"1.0\" data-animationoffset=\"top-into-view\" data-scroll-devices=\"small-visibility,medium-visibility,large-visibility\"><div class=\"fusion-column-wrapper fusion-column-has-shadow fusion-flex-justify-content-flex-start fusion-content-layout-column\"><div class=\"fusion-title title fusion-title-1 fusion-sep-none fusion-title-center fusion-title-text fusion-title-size-one\" style=\"--awb-text-color:#171e96;--awb-margin-bottom-medium:32px;--awb-font-size:40px;\"><h1 class=\"fusion-title-heading title-heading-center fusion-responsive-typography-calculated\" style=\"font-family:&quot;Inter&quot;;font-style:normal;font-weight:700;margin:0;text-transform:none;font-size:1em;--fontSize:40;line-height:var(--awb-typography1-line-height);\">Contact and demo request<\/h1><\/div><\/div><\/div><div class=\"fusion-layout-column fusion_builder_column fusion-builder-column-1 fusion_builder_column_1_2 1_2 fusion-flex-column fusion-flex-align-self-flex-start fusion-animated\" style=\"--awb-bg-size:cover;--awb-width-large:50%;--awb-margin-top-large:20px;--awb-spacing-right-large:7.68%;--awb-margin-bottom-large:20px;--awb-spacing-left-large:7.68%;--awb-width-medium:40%;--awb-order-medium:0;--awb-spacing-right-medium:9.6%;--awb-spacing-left-medium:9.6%;--awb-width-small:100%;--awb-order-small:1;--awb-spacing-right-small:1.92%;--awb-spacing-left-small:1.92%;\" data-animationtype=\"fadeInLeft\" data-animationduration=\"1.6\" data-animationoffset=\"top-into-view\" data-scroll-devices=\"small-visibility,medium-visibility,large-visibility\"><div class=\"fusion-column-wrapper fusion-column-has-shadow fusion-flex-justify-content-flex-start fusion-content-layout-column\"><div class=\"fusion-title title fusion-title-2 fusion-sep-none fusion-title-text fusion-title-size-three fusion-animated\" style=\"--awb-text-color:#70d560;--awb-margin-bottom:5px;--awb-margin-bottom-medium:30px;--awb-font-size:30px;\" data-animationtype=\"fadeInDown\" data-animationduration=\"1.4\" data-animationoffset=\"top-into-view\"><h3 class=\"fusion-title-heading title-heading-left fusion-responsive-typography-calculated\" style=\"font-family:&quot;Inter&quot;;font-style:normal;font-weight:700;margin:0;text-transform:none;font-size:1em;--fontSize:30;line-height:1.26;\">Our team will be happy to answer any questions you may have.<\/h3><\/div><div class=\"fusion-title title fusion-title-3 fusion-sep-none fusion-title-text fusion-title-size-three fusion-animated\" style=\"--awb-text-color:#171e96;--awb-margin-bottom-medium:30px;--awb-font-size:24px;\" data-animationtype=\"fadeInDown\" data-animationduration=\"1.4\" data-animationoffset=\"top-into-view\"><h3 class=\"fusion-title-heading title-heading-left fusion-responsive-typography-calculated\" style=\"font-family:&quot;Inter&quot;;font-style:normal;font-weight:400;margin:0;font-size:1em;--fontSize:24;line-height:1.26;\">Fill in the form or contact a member of our sales team on (+33) 1.84.20.16.50<\/h3><\/div><div class=\"fusion-separator\" style=\"align-self: flex-start;margin-right:auto;margin-top:30px;margin-bottom:30px;width:100%;max-width:80%;\"><div class=\"fusion-separator-border sep-single sep-solid\" style=\"--awb-height:20px;--awb-amount:20px;--awb-sep-color:var(--awb-color6);border-color:var(--awb-color6);border-top-width:1px;\"><\/div><\/div><div class=\"fusion-text fusion-text-1\" style=\"--awb-content-alignment:left;--awb-font-size:22px;--awb-line-height:1.48em;--awb-letter-spacing:-0.01em;--awb-text-color:#171e96;--awb-text-font-family:&quot;Inter&quot;;--awb-text-font-style:normal;--awb-text-font-weight:400;\"><p><em>\u201cWhat makes our solutions special is that they have been co-constructed with our customers.\u201d<\/em><\/p>\n<\/div><div class=\"fusion-title title fusion-title-4 fusion-sep-none fusion-title-text fusion-title-size-six\" style=\"--awb-text-color:#171e96;--awb-margin-top:6px;--awb-margin-bottom:4px;--awb-margin-top-small:4px;--awb-margin-bottom-small:4px;--awb-margin-top-medium:4px;--awb-margin-bottom-medium:4px;\"><h6 class=\"fusion-title-heading title-heading-left fusion-responsive-typography-calculated\" style=\"font-family:&quot;Inter&quot;;font-style:normal;font-weight:400;margin:0;--fontSize:18;line-height:1.67;\">Momar Mbaye<\/h6><\/div><div class=\"fusion-text fusion-text-2\" style=\"--awb-content-alignment:left;--awb-font-size:14px;--awb-line-height:24px;--awb-text-color:#171e96;--awb-text-font-family:&quot;Inter&quot;;--awb-text-font-style:normal;--awb-text-font-weight:400;\"><p>CEO GROUPE SENEF<\/p>\n<\/div><div class=\"fusion-section-separator section-separator slant fusion-section-separator-1\" style=\"--awb-spacer-height:99px;--awb-svg-margin-left:7.68%;--awb-svg-margin-right:7.68%;--awb-svg-margin-left-medium:9.6%;--awb-svg-margin-right-medium:9.6%;--awb-svg-margin-left-small:1.92%;--awb-svg-margin-right-small:1.92%;--awb-divider-height:99px;--awb-spacer-padding-top:inherit;--awb-sep-padding:0;--awb-svg-padding:0;\"><div class=\"fusion-section-separator-svg\"><svg class=\"fusion-slant-candy\" xmlns=\"http:\/\/www.w3.org\/2000\/svg\" version=\"1.1\" width=\"100%\" height=\"100\" viewbox=\"0 0 100 100\" preserveaspectratio=\"none\" fill=\"rgba(244,244,246,1)\"><path d=\"M100 0 L100 100 L0 0 Z\"><\/path><\/svg><\/div><div class=\"fusion-section-separator-spacer\"><div class=\"fusion-section-separator-spacer-height\"><\/div><\/div><\/div><\/div><\/div><div class=\"fusion-layout-column fusion_builder_column fusion-builder-column-2 fusion_builder_column_1_2 1_2 fusion-flex-column fusion-animated\" style=\"--awb-padding-top:20px;--awb-padding-right:40px;--awb-padding-bottom:20px;--awb-padding-left:40px;--awb-padding-top-small:24px;--awb-padding-right-small:28px;--awb-padding-bottom-small:16px;--awb-padding-left-small:28px;--awb-overflow:hidden;--awb-bg-color:var(--awb-color1);--awb-bg-color-hover:var(--awb-color1);--awb-bg-size:cover;--awb-box-shadow:12px 32px 60px -8px hsla(var(--awb-color8-h),var(--awb-color8-s),var(--awb-color8-l),calc( var(--awb-color8-a) - 88% ));;--awb-border-color:hsla(var(--awb-color8-h),var(--awb-color8-s),var(--awb-color8-l),calc( var(--awb-color8-a) - 92% ));--awb-border-right:1px;--awb-border-bottom:1px;--awb-border-left:1px;--awb-border-style:solid;--awb-border-radius:12px 12px 12px 12px;--awb-width-large:50%;--awb-margin-top-large:20px;--awb-spacing-right-large:15.36%;--awb-margin-bottom-large:20px;--awb-spacing-left-large:9.6%;--awb-width-medium:60%;--awb-order-medium:0;--awb-spacing-right-medium:6.4%;--awb-spacing-left-medium:3.2%;--awb-width-small:100%;--awb-order-small:0;--awb-margin-top-small:0px;--awb-spacing-right-small:3.84%;--awb-margin-bottom-small:30px;--awb-spacing-left-small:1.92%;\" data-animationtype=\"fadeInRight\" data-animationduration=\"2.0\" data-animationoffset=\"top-into-view\" data-scroll-devices=\"small-visibility,medium-visibility,large-visibility\"><div class=\"fusion-column-wrapper fusion-column-has-shadow fusion-flex-justify-content-center fusion-content-layout-column\">\n<div class=\"wpcf7 no-js\" id=\"wpcf7-f9300-o1\" lang=\"fr-FR\" dir=\"ltr\" data-wpcf7-id=\"9300\">\n<div class=\"screen-reader-response\"><p role=\"status\" aria-live=\"polite\" aria-atomic=\"true\"><\/p> <ul><\/ul><\/div>\n<form action=\"\/en\/wp-json\/wp\/v2\/pages\/9294#wpcf7-f9300-o1\" method=\"post\" class=\"wpcf7-form init\" aria-label=\"Formulaire de contact\" novalidate=\"novalidate\" data-status=\"init\" data-trp-original-action=\"\/en\/wp-json\/wp\/v2\/pages\/9294#wpcf7-f9300-o1\">\n<fieldset class=\"hidden-fields-container\"><input type=\"hidden\" name=\"_wpcf7\" value=\"9300\" \/><input type=\"hidden\" name=\"_wpcf7_version\" value=\"6.1.5\" \/><input type=\"hidden\" name=\"_wpcf7_locale\" value=\"fr_FR\" \/><input type=\"hidden\" name=\"_wpcf7_unit_tag\" value=\"wpcf7-f9300-o1\" \/><input type=\"hidden\" name=\"_wpcf7_container_post\" value=\"0\" \/><input type=\"hidden\" name=\"_wpcf7_posted_data_hash\" value=\"\" \/>\n<\/fieldset>\n<p><span class=\"wpcf7-form-control-wrap\" data-name=\"entreprise\"><input size=\"40\" maxlength=\"400\" class=\"wpcf7-form-control wpcf7-text wpcf7-validates-as-required\" aria-required=\"true\" aria-invalid=\"false\" placeholder=\"Your company\" value=\"\" type=\"text\" name=\"entreprise\" \/><\/span>\n<\/p>\n<p><span class=\"wpcf7-form-control-wrap\" data-name=\"taille\"><select class=\"wpcf7-form-control wpcf7-select wpcf7-validates-as-required cf7-input\" aria-required=\"true\" aria-invalid=\"false\" name=\"taille\"><option value=\"Nombre de salari\u00e9s dans votre entreprise\">Number of employees in your company<\/option><option value=\"En cr\u00e9ation\">In creation<\/option><option value=\"0-9\">0-9<\/option><option value=\"10-19\">10-19<\/option><option value=\"20-49\">20-49<\/option><option value=\"50-99\">50-99<\/option><option value=\"100-249\">100-249<\/option><option value=\"250-499\">250-499<\/option><option value=\"500-999\">500-999<\/option><option value=\"1000-4999\">1000-4999<\/option><option value=\"+ de 5000\">+ over 5,000<\/option><\/select><\/span>\n<\/p>\n<p><span class=\"wpcf7-form-control-wrap\" data-name=\"prenom\"><input size=\"40\" maxlength=\"400\" class=\"wpcf7-form-control wpcf7-text wpcf7-validates-as-required\" aria-required=\"true\" aria-invalid=\"false\" placeholder=\"First name*\" value=\"\" type=\"text\" name=\"prenom\" \/><\/span>\n<\/p>\n<p><span class=\"wpcf7-form-control-wrap\" data-name=\"your-name\"><input size=\"40\" maxlength=\"400\" class=\"wpcf7-form-control wpcf7-text wpcf7-validates-as-required\" aria-required=\"true\" aria-invalid=\"false\" placeholder=\"Your name\" value=\"\" type=\"text\" name=\"your-name\" \/><\/span>\n<\/p>\n<p><span class=\"wpcf7-form-control-wrap\" data-name=\"email\"><input size=\"40\" maxlength=\"400\" class=\"wpcf7-form-control wpcf7-email wpcf7-validates-as-required wpcf7-text wpcf7-validates-as-email\" aria-required=\"true\" aria-invalid=\"false\" placeholder=\"Email address\" value=\"\" type=\"email\" name=\"email\" \/><\/span>\n<\/p>\n<p><span class=\"wpcf7-form-control-wrap\" data-name=\"tel\"><input size=\"40\" maxlength=\"400\" class=\"wpcf7-form-control wpcf7-tel wpcf7-text wpcf7-validates-as-tel\" aria-invalid=\"false\" placeholder=\"Telephone number\" value=\"\" type=\"tel\" name=\"tel\" \/><\/span>\n<\/p>\n<p><span class=\"wpcf7-form-control-wrap\" data-name=\"poste\"><input size=\"40\" maxlength=\"400\" class=\"wpcf7-form-control wpcf7-text wpcf7-validates-as-required\" aria-required=\"true\" aria-invalid=\"false\" placeholder=\"Your position*\" value=\"\" type=\"text\" name=\"poste\" \/><\/span>\n<\/p>\n<p><span class=\"wpcf7-form-control-wrap\" data-name=\"message\"><textarea cols=\"40\" rows=\"6\" maxlength=\"2000\" class=\"wpcf7-form-control wpcf7-textarea\" aria-invalid=\"false\" placeholder=\"Tell us more about your organization, your needs or your project\" name=\"message\"><\/textarea><\/span>\n<\/p>\n<p><input class=\"wpcf7-form-control wpcf7-submit has-spinner\" type=\"submit\" value=\"Send message\" \/>\n<\/p>\n<p>* Required fields\n<\/p><div class=\"fusion-alert alert custom alert-custom fusion-alert-center wpcf7-response-output awb-alert-native-link-color alert-dismissable awb-alert-close-boxed alert-shadow\" style=\"--awb-border-size:1px;--awb-border-top-left-radius:0px;--awb-border-top-right-radius:0px;--awb-border-bottom-left-radius:0px;--awb-border-bottom-right-radius:0px;\" role=\"alert\"><div class=\"fusion-alert-content-wrapper\"><span class=\"fusion-alert-content\"><\/span><\/div><button type=\"button\" class=\"close toggle-alert\" data-dismiss=\"alert\" aria-label=\"Close\">\u00d7<\/button><\/div>\n<input type=\"hidden\" name=\"trp-form-language\" value=\"en\"\/><\/form>\n<\/div>\n<div class=\"fusion-text fusion-text-3 fusion-text-no-margin\" style=\"--awb-font-size:14px;--awb-line-height:18px;--awb-text-color:#171e96;--awb-margin-top:10px;--awb-margin-bottom:10px;--awb-text-font-family:&quot;Inter&quot;;--awb-text-font-style:normal;--awb-text-font-weight:400;\"><p>Fields marked with an asterisk (*) are mandatory. Your data is collected by Groupe Senef to process your request, in accordance with our privacy policy. <b><strong class=\"x1s688f\">data protection policy<\/strong><\/b>, available for consultation <a href=\"\/en\/politique-protection-donnees\/\">here<\/a>.<\/p>\n<\/div><\/div><\/div><\/div><\/div>","protected":false},"excerpt":{"rendered":"","protected":false},"author":5,"featured_media":0,"parent":0,"menu_order":0,"comment_status":"closed","ping_status":"closed","template":"100-width.php","meta":{"inline_featured_image":false,"footnotes":""},"class_list":["post-9294","page","type-page","status-publish","hentry"],"yoast_head":"<!-- This site is optimized with the Yoast SEO plugin v27.3 - https:\/\/yoast.com\/product\/yoast-seo-wordpress\/ -->\n<title>Contactez Progisap | D\u00e9mo et informations sur nos solutions<\/title>\n<meta name=\"description\" content=\"Vous cherchez une solution digitale pour vos services \u00e0 la personne ? Contactez Progisap pour une d\u00e9mo personnalis\u00e9e ou un devis gratuit.\" \/>\n<meta name=\"robots\" content=\"index, follow, max-snippet:-1, max-image-preview:large, max-video-preview:-1\" \/>\n<link rel=\"canonical\" href=\"https:\/\/www.progiclean.com\/en\/contact-et-demande-demonstration\/\" \/>\n<meta property=\"og:locale\" content=\"en_US\" \/>\n<meta property=\"og:type\" content=\"article\" \/>\n<meta property=\"og:title\" content=\"Contactez Progisap | D\u00e9mo et informations sur nos solutions\" \/>\n<meta property=\"og:description\" content=\"Vous cherchez une solution digitale pour vos services \u00e0 la personne ? Contactez Progisap pour une d\u00e9mo personnalis\u00e9e ou un devis gratuit.\" \/>\n<meta property=\"og:url\" content=\"https:\/\/www.progiclean.com\/en\/contact-et-demande-demonstration\/\" \/>\n<meta property=\"og:site_name\" content=\"Progiclean\" \/>\n<meta property=\"article:publisher\" content=\"https:\/\/www.facebook.com\/progiclean\/?locale=fr_FR\" \/>\n<meta property=\"article:modified_time\" content=\"2026-02-10T19:28:49+00:00\" \/>\n<meta name=\"twitter:card\" content=\"summary_large_image\" \/>\n<meta name=\"twitter:label1\" content=\"Est. reading time\" \/>\n\t<meta name=\"twitter:data1\" content=\"6 minutes\" \/>\n<script type=\"application\/ld+json\" class=\"yoast-schema-graph\">{\"@context\":\"https:\\\/\\\/schema.org\",\"@graph\":[{\"@type\":\"WebPage\",\"@id\":\"https:\\\/\\\/www.progiclean.com\\\/contact-et-demande-demonstration\\\/\",\"url\":\"https:\\\/\\\/www.progiclean.com\\\/contact-et-demande-demonstration\\\/\",\"name\":\"Contactez Progisap | D\u00e9mo et informations sur nos solutions\",\"isPartOf\":{\"@id\":\"https:\\\/\\\/www.progiclean.com\\\/es\\\/#website\"},\"datePublished\":\"2025-11-20T19:45:30+00:00\",\"dateModified\":\"2026-02-10T19:28:49+00:00\",\"description\":\"Vous cherchez une solution digitale pour vos services \u00e0 la personne ? Contactez Progisap pour une d\u00e9mo personnalis\u00e9e ou un devis gratuit.\",\"breadcrumb\":{\"@id\":\"https:\\\/\\\/www.progiclean.com\\\/contact-et-demande-demonstration\\\/#breadcrumb\"},\"inLanguage\":\"en-US\",\"potentialAction\":[{\"@type\":\"ReadAction\",\"target\":[\"https:\\\/\\\/www.progiclean.com\\\/contact-et-demande-demonstration\\\/\"]}]},{\"@type\":\"BreadcrumbList\",\"@id\":\"https:\\\/\\\/www.progiclean.com\\\/contact-et-demande-demonstration\\\/#breadcrumb\",\"itemListElement\":[{\"@type\":\"ListItem\",\"position\":1,\"name\":\"Accueil\",\"item\":\"https:\\\/\\\/www.progiclean.com\\\/\"},{\"@type\":\"ListItem\",\"position\":2,\"name\":\"Contact et demande d\u00e9monstration\"}]},{\"@type\":\"WebSite\",\"@id\":\"https:\\\/\\\/www.progiclean.com\\\/es\\\/#website\",\"url\":\"https:\\\/\\\/www.progiclean.com\\\/es\\\/\",\"name\":\"Progiclean\",\"description\":\"\",\"publisher\":{\"@id\":\"https:\\\/\\\/www.progiclean.com\\\/es\\\/#organization\"},\"potentialAction\":[{\"@type\":\"SearchAction\",\"target\":{\"@type\":\"EntryPoint\",\"urlTemplate\":\"https:\\\/\\\/www.progiclean.com\\\/es\\\/?s={search_term_string}\"},\"query-input\":{\"@type\":\"PropertyValueSpecification\",\"valueRequired\":true,\"valueName\":\"search_term_string\"}}],\"inLanguage\":\"en-US\"},{\"@type\":\"Organization\",\"@id\":\"https:\\\/\\\/www.progiclean.com\\\/es\\\/#organization\",\"name\":\"Progiclean\",\"url\":\"https:\\\/\\\/www.progiclean.com\\\/es\\\/\",\"logo\":{\"@type\":\"ImageObject\",\"inLanguage\":\"en-US\",\"@id\":\"https:\\\/\\\/www.progiclean.com\\\/es\\\/#\\\/schema\\\/logo\\\/image\\\/\",\"url\":\"https:\\\/\\\/www.progiclean.com\\\/wp-content\\\/uploads\\\/2026\\\/01\\\/Group-932.png\",\"contentUrl\":\"https:\\\/\\\/www.progiclean.com\\\/wp-content\\\/uploads\\\/2026\\\/01\\\/Group-932.png\",\"width\":158,\"height\":26,\"caption\":\"Progiclean\"},\"image\":{\"@id\":\"https:\\\/\\\/www.progiclean.com\\\/es\\\/#\\\/schema\\\/logo\\\/image\\\/\"},\"sameAs\":[\"https:\\\/\\\/www.facebook.com\\\/progiclean\\\/?locale=fr_FR\"]}]}<\/script>\n<!-- \/ Yoast SEO plugin. -->","yoast_head_json":{"title":"Contactez Progisap | D\u00e9mo et informations sur nos solutions","description":"Vous cherchez une solution digitale pour vos services \u00e0 la personne ? Contactez Progisap pour une d\u00e9mo personnalis\u00e9e ou un devis gratuit.","robots":{"index":"index","follow":"follow","max-snippet":"max-snippet:-1","max-image-preview":"max-image-preview:large","max-video-preview":"max-video-preview:-1"},"canonical":"https:\/\/www.progiclean.com\/en\/contact-et-demande-demonstration\/","og_locale":"en_US","og_type":"article","og_title":"Contactez Progisap | D\u00e9mo et informations sur nos solutions","og_description":"Vous cherchez une solution digitale pour vos services \u00e0 la personne ? Contactez Progisap pour une d\u00e9mo personnalis\u00e9e ou un devis gratuit.","og_url":"https:\/\/www.progiclean.com\/en\/contact-et-demande-demonstration\/","og_site_name":"Progiclean","article_publisher":"https:\/\/www.facebook.com\/progiclean\/?locale=fr_FR","article_modified_time":"2026-02-10T19:28:49+00:00","twitter_card":"summary_large_image","twitter_misc":{"Est. reading time":"6 minutes"},"schema":{"@context":"https:\/\/schema.org","@graph":[{"@type":"WebPage","@id":"https:\/\/www.progiclean.com\/contact-et-demande-demonstration\/","url":"https:\/\/www.progiclean.com\/contact-et-demande-demonstration\/","name":"Contactez Progisap | D\u00e9mo et informations sur nos solutions","isPartOf":{"@id":"https:\/\/www.progiclean.com\/es\/#website"},"datePublished":"2025-11-20T19:45:30+00:00","dateModified":"2026-02-10T19:28:49+00:00","description":"Vous cherchez une solution digitale pour vos services \u00e0 la personne ? Contactez Progisap pour une d\u00e9mo personnalis\u00e9e ou un devis gratuit.","breadcrumb":{"@id":"https:\/\/www.progiclean.com\/contact-et-demande-demonstration\/#breadcrumb"},"inLanguage":"en-US","potentialAction":[{"@type":"ReadAction","target":["https:\/\/www.progiclean.com\/contact-et-demande-demonstration\/"]}]},{"@type":"BreadcrumbList","@id":"https:\/\/www.progiclean.com\/contact-et-demande-demonstration\/#breadcrumb","itemListElement":[{"@type":"ListItem","position":1,"name":"Accueil","item":"https:\/\/www.progiclean.com\/"},{"@type":"ListItem","position":2,"name":"Contact et demande d\u00e9monstration"}]},{"@type":"WebSite","@id":"https:\/\/www.progiclean.com\/es\/#website","url":"https:\/\/www.progiclean.com\/es\/","name":"Progiclean","description":"","publisher":{"@id":"https:\/\/www.progiclean.com\/es\/#organization"},"potentialAction":[{"@type":"SearchAction","target":{"@type":"EntryPoint","urlTemplate":"https:\/\/www.progiclean.com\/es\/?s={search_term_string}"},"query-input":{"@type":"PropertyValueSpecification","valueRequired":true,"valueName":"search_term_string"}}],"inLanguage":"en-US"},{"@type":"Organization","@id":"https:\/\/www.progiclean.com\/es\/#organization","name":"Progiclean","url":"https:\/\/www.progiclean.com\/es\/","logo":{"@type":"ImageObject","inLanguage":"en-US","@id":"https:\/\/www.progiclean.com\/es\/#\/schema\/logo\/image\/","url":"https:\/\/www.progiclean.com\/wp-content\/uploads\/2026\/01\/Group-932.png","contentUrl":"https:\/\/www.progiclean.com\/wp-content\/uploads\/2026\/01\/Group-932.png","width":158,"height":26,"caption":"Progiclean"},"image":{"@id":"https:\/\/www.progiclean.com\/es\/#\/schema\/logo\/image\/"},"sameAs":["https:\/\/www.facebook.com\/progiclean\/?locale=fr_FR"]}]}},"_links":{"self":[{"href":"https:\/\/www.progiclean.com\/en\/wp-json\/wp\/v2\/pages\/9294","targetHints":{"allow":["GET"]}}],"collection":[{"href":"https:\/\/www.progiclean.com\/en\/wp-json\/wp\/v2\/pages"}],"about":[{"href":"https:\/\/www.progiclean.com\/en\/wp-json\/wp\/v2\/types\/page"}],"author":[{"embeddable":true,"href":"https:\/\/www.progiclean.com\/en\/wp-json\/wp\/v2\/users\/5"}],"replies":[{"embeddable":true,"href":"https:\/\/www.progiclean.com\/en\/wp-json\/wp\/v2\/comments?post=9294"}],"version-history":[{"count":5,"href":"https:\/\/www.progiclean.com\/en\/wp-json\/wp\/v2\/pages\/9294\/revisions"}],"predecessor-version":[{"id":9301,"href":"https:\/\/www.progiclean.com\/en\/wp-json\/wp\/v2\/pages\/9294\/revisions\/9301"}],"wp:attachment":[{"href":"https:\/\/www.progiclean.com\/en\/wp-json\/wp\/v2\/media?parent=9294"}],"curies":[{"name":"wp","href":"https:\/\/api.w.org\/{rel}","templated":true}]}}